{"id":2144,"date":"2025-08-13T10:54:05","date_gmt":"2025-08-13T08:54:05","guid":{"rendered":"https:\/\/ksi.institute\/?page_id=2144"},"modified":"2025-08-13T10:54:06","modified_gmt":"2025-08-13T08:54:06","slug":"douwe-van-der-meer","status":"publish","type":"page","link":"https:\/\/ksi.institute\/en\/douwe-van-der-meer\/","title":{"rendered":"Douwe van der Meer"},"content":{"rendered":"\n[et_pb_section fb_built=&#8221;1&#8243; specialty=&#8221;on&#8221; padding_top_1=&#8221;60px&#8221; padding_top_bottom_link_1=&#8221;false&#8221; padding_left_right_link_1=&#8221;false&#8221; padding_1_tablet=&#8221;0px||||false|false&#8221; padding_1_phone=&#8221;0px||||false|false&#8221; padding_1_last_edited=&#8221;on|phone&#8221; admin_label=&#8221;Header&#8221; _builder_version=&#8221;4.16&#8243; _module_preset=&#8221;default&#8221; background_color=&#8221;#1D1D25&#8243; global_colors_info=&#8221;{}&#8221;][et_pb_column type=&#8221;1_2&#8243; specialty_columns=&#8221;2&#8243; _builder_version=&#8221;4.16&#8243; custom_padding=&#8221;|||&#8221; global_colors_info=&#8221;{}&#8221; custom_padding__hover=&#8221;|||&#8221;][et_pb_row_inner _builder_version=&#8221;4.16&#8243; _module_preset=&#8221;default&#8221; custom_padding=&#8221;6px|||||&#8221; global_colors_info=&#8221;{}&#8221;][et_pb_column_inner saved_specialty_column_type=&#8221;1_2&#8243; _builder_version=&#8221;4.16&#8243; _module_preset=&#8221;default&#8221; global_colors_info=&#8221;{}&#8221;][et_pb_text _builder_version=&#8221;4.22.1&#8243; _module_preset=&#8221;53fac924-1644-4f70-a8a0-435df3cf1c52&#8243; header_font=&#8221;Outfit|600|||||||&#8221; header_text_color=&#8221;#FFFFFF&#8221; header_font_size=&#8221;56px&#8221; header_line_height=&#8221;1.1em&#8221; header_font_size_tablet=&#8221;50px&#8221; header_font_size_phone=&#8221;24px&#8221; header_font_size_last_edited=&#8221;on|phone&#8221; locked=&#8221;off&#8221; global_colors_info=&#8221;{}&#8221;]<h1>Douwe van der Meer<\/h1>[\/et_pb_text][\/et_pb_column_inner][\/et_pb_row_inner][\/et_pb_column][et_pb_column type=&#8221;1_2&#8243; _builder_version=&#8221;4.16&#8243; custom_padding=&#8221;|||&#8221; global_colors_info=&#8221;{}&#8221; custom_padding__hover=&#8221;|||&#8221;][et_pb_image src=&#8221;https:\/\/ksi.institute\/wp-content\/uploads\/2025\/08\/Douwe-foto-1.jpg&#8221; title_text=&#8221;Douwe foto&#8221; align=&#8221;center&#8221; _builder_version=&#8221;4.27.4&#8243; _module_preset=&#8221;default&#8221; width=&#8221;47%&#8221; max_width=&#8221;49%&#8221; global_colors_info=&#8221;{}&#8221;][\/et_pb_image][\/et_pb_column][\/et_pb_section][et_pb_section fb_built=&#8221;1&#8243; admin_label=&#8221;About&#8221; _builder_version=&#8221;4.16&#8243; _module_preset=&#8221;default&#8221; global_colors_info=&#8221;{}&#8221;][et_pb_row use_custom_gutter=&#8221;on&#8221; gutter_width=&#8221;4&#8243; _builder_version=&#8221;4.16&#8243; _module_preset=&#8221;default&#8221; global_colors_info=&#8221;{}&#8221;][et_pb_column type=&#8221;4_4&#8243; _builder_version=&#8221;4.16&#8243; _module_preset=&#8221;default&#8221; global_colors_info=&#8221;{}&#8221;][et_pb_text _builder_version=&#8221;4.16&#8243; _module_preset=&#8221;003e9429-8e11-4d9e-968b-8881092bbf81&#8243; header_2_font=&#8221;Outfit|600|||||||&#8221; header_2_text_color=&#8221;#000000&#8243; header_2_font_size=&#8221;48px&#8221; header_2_line_height=&#8221;1.1em&#8221; custom_margin=&#8221;||0px||false|false&#8221; header_2_font_size_tablet=&#8221;32px&#8221; header_2_font_size_phone=&#8221;20px&#8221; header_2_font_size_last_edited=&#8221;on|desktop&#8221; header_2_line_height_tablet=&#8221;1.2em&#8221; header_2_line_height_phone=&#8221;&#8221; header_2_line_height_last_edited=&#8221;on|phone&#8221; locked=&#8221;off&#8221; global_colors_info=&#8221;{}&#8221;]<h2>Over Douwe<\/h2>[\/et_pb_text][et_pb_text _builder_version=&#8221;4.27.4&#8243; _module_preset=&#8221;22d0da71-6393-430b-a0cd-b77dd565e85c&#8221; text_text_color=&#8221;#000000&#8243; text_line_height=&#8221;1.8em&#8221; custom_padding=&#8221;||39px|||&#8221; text_font_size_tablet=&#8221;15px&#8221; text_font_size_phone=&#8221;14px&#8221; text_font_size_last_edited=&#8221;on|phone&#8221; header_font_size_tablet=&#8221;55px&#8221; header_font_size_last_edited=&#8221;off|desktop&#8221; locked=&#8221;off&#8221; global_colors_info=&#8221;{}&#8221; custom_margin=&#8221;||-3px|||&#8221;]<p data-pm-slice=\"1 1 []\">Douwe van der Meer is een onderzoeker gericht op geopolitiek en veiligheid in Oost Europa, de Kaukasus en Centraal Azi\u00eb. Hij schreef hierover voor verschillende publicaties. Douwe heeft een master in Internationale Betrekkingen van de Universiteit Leiden en liep eerder stage bij Instituut Clingendael en het Istanbul Policy Center. Ook was hij als verkiezingswaarnemer actief in Albani\u00eb, Bosni\u00eb, Georgi\u00eb, Kirgizi\u00eb en Servi\u00eb en woonde hij eerder in Georgi\u00eb, Kirgizi\u00eb en Turkije.<\/p>[\/et_pb_text][et_pb_text _builder_version=&#8221;4.27.4&#8243; _module_preset=&#8221;22d0da71-6393-430b-a0cd-b77dd565e85c&#8221; text_text_color=&#8221;#000000&#8243; text_line_height=&#8221;1.8em&#8221; custom_padding=&#8221;||39px|||&#8221; hover_enabled=&#8221;0&#8243; text_font_size_tablet=&#8221;15px&#8221; text_font_size_phone=&#8221;14px&#8221; text_font_size_last_edited=&#8221;on|phone&#8221; header_font_size_tablet=&#8221;55px&#8221; header_font_size_last_edited=&#8221;off|desktop&#8221; locked=&#8221;off&#8221; global_colors_info=&#8221;{}&#8221; sticky_enabled=&#8221;0&#8243;]<p data-pm-slice=\"1 1 []\">Publicaties:<\/p>\n<ul>\n<li data-olk-copy-source=\"MessageBody\">Bayramov, A., Wagenmakers, T. and Van der Meer, D. (2023, May 30).<span>\u00a0<\/span><i>EU moet zich meer mengen in de Kaukasus.<span>\u00a0<\/span><\/i>Financieel Dagblad. <a href=\"https:\/\/fd.nl\/opinie\/1477327\/eu-moet-zich-meer-mengen-in-de-kaukasus\">https:\/\/fd.nl\/opinie\/1477327\/eu-moet-zich-meer-mengen-in-de-kaukasus<\/a><\/li>\n<li>Bayramov, A., Wagenmakers, T. and Van der Meer, D. (2023). From Passive to Active: Unpacking the EU\u2019s New Role in Promoting Peace between Azerbaijan and Armenia.<span>\u00a0<\/span><i>Caucasus Strategic Perspectives<\/i>, 4(1), 33-49.<\/li>\n<li>Van der Meer, D. (2022, October 4).<span>\u00a0<\/span><i>Water security and the Nagorno-Karabakh conflict<\/i>. Planetary Security Initiative (The Clingendael Institute). <a href=\"https:\/\/www.planetarysecurityinitiative.org\/news\/water-security-and-nagorno-karabakh-conflict\">https:\/\/www.planetarysecurityinitiative.org\/news\/water-security-and-nagorno-karabakh-conflict<\/a><\/li>\n<li aria-hidden=\"true\">Ramnath, A., Van Schaik, L. and Van der Meer, D. (2022, June 7).<span>\u00a0<\/span><i>EU Military Decarbonization: A Mirage or A Meaningful Goal?<\/i><span>\u00a0<\/span>In: Decarbonized Defense: The Need for Clean Military Power in the Age of Climate Change (p. 32-38). International Military Council on Climate and Security. <a href=\"https:\/\/imccs.org\/decarbonized-defense-the-need-for-clean-military-power-in-the-age-of-climate-change\/\">https:\/\/imccs.org\/decarbonized-defense-the-need-for-clean-military-power-in-the-age-of-climate-change\/<\/a><\/li>\n<li>Van der Meer, D. and Postulart, J. (2025, January 23).<span>\u00a0<\/span><i>Receding Waters, Rising Challenges: Navigating the Caspian Sea\u2019s Geopolitical Moment.<\/i>\u00a0The Diplomat. <a href=\"https:\/\/thediplomat.com\/2025\/01\/receding-waters-rising-challenges-navigating-the-caspian-seas-geopolitical-moment\/\">https:\/\/thediplomat.com\/2025\/01\/receding-waters-rising-challenges-navigating-the-caspian-seas-geopolitical-moment\/<\/a><\/li>\n<li>Van der Meer, D. and Royall, A. (2024, December 3).<span>\u00a0<\/span><i>France and Italy\u2019s Central Asia Strategy: Securing Energy and Shaping Security.<\/i>\u00a0The Diplomat. <a href=\"https:\/\/thediplomat.com\/2024\/12\/france-and-italys-central-asia-strategy-securing-energy-and-shaping-security\/\">https:\/\/thediplomat.com\/2024\/12\/france-and-italys-central-asia-strategy-securing-energy-and-shaping-security\/<\/a><\/li>\n<\/ul>\n<p>&nbsp;<\/p>[\/et_pb_text][\/et_pb_column][\/et_pb_row][\/et_pb_section][et_pb_section fb_built=&#8221;1&#8243; _builder_version=&#8221;4.22.1&#8243; _module_preset=&#8221;default&#8221; custom_padding=&#8221;0px||0px|||&#8221; global_colors_info=&#8221;{}&#8221;][et_pb_row _builder_version=&#8221;4.22.1&#8243; _module_preset=&#8221;default&#8221; custom_padding=&#8221;||0px|||&#8221; global_colors_info=&#8221;{}&#8221;][et_pb_column type=&#8221;4_4&#8243; _builder_version=&#8221;4.22.1&#8243; _module_preset=&#8221;default&#8221; global_colors_info=&#8221;{}&#8221;][et_pb_divider _builder_version=&#8221;4.22.1&#8243; _module_preset=&#8221;default&#8221; global_colors_info=&#8221;{}&#8221;][\/et_pb_divider][\/et_pb_column][\/et_pb_row][\/et_pb_section][et_pb_section fb_built=&#8221;1&#8243; admin_label=&#8221;Footer&#8221; _builder_version=&#8221;4.16&#8243; _module_preset=&#8221;default&#8221; custom_padding=&#8221;0px||8px|||&#8221; saved_tabs=&#8221;all&#8221; locked=&#8221;off&#8221; global_colors_info=&#8221;{}&#8221;][et_pb_row column_structure=&#8221;1_3,1_3,1_3&#8243; _builder_version=&#8221;4.16&#8243; _module_preset=&#8221;default&#8221; custom_padding=&#8221;2px|||||&#8221; global_colors_info=&#8221;{}&#8221;][et_pb_column type=&#8221;1_3&#8243; _builder_version=&#8221;4.16&#8243; _module_preset=&#8221;default&#8221; global_colors_info=&#8221;{}&#8221;][et_pb_text _builder_version=&#8221;4.22.1&#8243; _module_preset=&#8221;5c989a74-8649-4b9a-a4a2-6d2b8ae2551c&#8221; header_4_font=&#8221;|700||on|||||&#8221; header_4_text_color=&#8221;#000b77&#8243; header_4_font_size=&#8221;14px&#8221; header_4_letter_spacing=&#8221;0.2em&#8221; header_4_line_height=&#8221;1.5em&#8221; custom_margin=&#8221;||0px||false|false&#8221; locked=&#8221;off&#8221; global_colors_info=&#8221;{}&#8221;]<h4>Company<\/h4>[\/et_pb_text][et_pb_text _builder_version=&#8221;4.22.1&#8243; _module_preset=&#8221;7262e956-c376-4aa6-9642-c413f71527d0&#8243; text_font_size=&#8221;13px&#8221; text_line_height=&#8221;1.8em&#8221; link_text_color=&#8221;#000000&#8243; custom_margin=&#8221;||0px||false|false&#8221; header_font_size_tablet=&#8221;55px&#8221; header_font_size_last_edited=&#8221;off|desktop&#8221; locked=&#8221;off&#8221; global_colors_info=&#8221;{}&#8221;]<p><a href=\"https:\/\/www.kenniscentrumsecurityintelligence.nl\/over-ons\/\" target=\"_blank\" rel=\"noopener\">Over ons<\/a><\/p>[\/et_pb_text][et_pb_text _builder_version=&#8221;4.22.1&#8243; _module_preset=&#8221;7262e956-c376-4aa6-9642-c413f71527d0&#8243; text_font_size=&#8221;13px&#8221; text_line_height=&#8221;1.8em&#8221; link_text_color=&#8221;#000000&#8243; custom_margin=&#8221;||0px||false|false&#8221; header_font_size_tablet=&#8221;55px&#8221; header_font_size_last_edited=&#8221;off|desktop&#8221; locked=&#8221;off&#8221; global_colors_info=&#8221;{}&#8221;]<p><a href=\"https:\/\/www.kenniscentrumsecurityintelligence.nl\/dienstverlening\/\" target=\"_blank\" rel=\"noopener\">Dienstverlening<\/a><\/p>[\/et_pb_text][et_pb_text _builder_version=&#8221;4.22.1&#8243; _module_preset=&#8221;7262e956-c376-4aa6-9642-c413f71527d0&#8243; text_font_size=&#8221;13px&#8221; text_line_height=&#8221;1.8em&#8221; link_text_color=&#8221;#000000&#8243; custom_margin=&#8221;||0px||false|false&#8221; header_font_size_tablet=&#8221;55px&#8221; header_font_size_last_edited=&#8221;off|desktop&#8221; locked=&#8221;off&#8221; global_colors_info=&#8221;{}&#8221;]<p><a href=\"https:\/\/www.kenniscentrumsecurityintelligence.nl\/blog\/\" target=\"_blank\" rel=\"noopener\">Blog<\/a><\/p>[\/et_pb_text][et_pb_text _builder_version=&#8221;4.22.1&#8243; _module_preset=&#8221;7262e956-c376-4aa6-9642-c413f71527d0&#8243; text_font_size=&#8221;13px&#8221; text_line_height=&#8221;1.8em&#8221; link_text_color=&#8221;#000000&#8243; custom_margin=&#8221;||||false|false&#8221; header_font_size_tablet=&#8221;55px&#8221; header_font_size_last_edited=&#8221;off|desktop&#8221; locked=&#8221;off&#8221; global_colors_info=&#8221;{}&#8221;]<p><a href=\"https:\/\/www.kenniscentrumsecurityintelligence.nl\/contact\/\" target=\"_blank\" rel=\"noopener\">Contact<\/a><\/p>[\/et_pb_text][\/et_pb_column][et_pb_column type=&#8221;1_3&#8243; _builder_version=&#8221;4.16&#8243; _module_preset=&#8221;default&#8221; global_colors_info=&#8221;{}&#8221;][et_pb_text _builder_version=&#8221;4.22.1&#8243; _module_preset=&#8221;5c989a74-8649-4b9a-a4a2-6d2b8ae2551c&#8221; header_4_font=&#8221;|700||on|||||&#8221; header_4_text_color=&#8221;#000b77&#8243; header_4_font_size=&#8221;14px&#8221; header_4_letter_spacing=&#8221;0.2em&#8221; header_4_line_height=&#8221;1.5em&#8221; custom_margin=&#8221;||0px||false|false&#8221; locked=&#8221;off&#8221; global_colors_info=&#8221;{}&#8221;]<h4>Contact<\/h4>[\/et_pb_text][et_pb_text _builder_version=&#8221;4.22.1&#8243; _module_preset=&#8221;7262e956-c376-4aa6-9642-c413f71527d0&#8243; text_text_color=&#8221;#000000&#8243; text_line_height=&#8221;1.8em&#8221; link_text_color=&#8221;#666666&#8243; custom_margin=&#8221;||-1px||false|false&#8221; header_font_size_tablet=&#8221;55px&#8221; header_font_size_last_edited=&#8221;off|desktop&#8221; locked=&#8221;off&#8221; global_colors_info=&#8221;{}&#8221;]<p><strong>The Netherlands<\/strong><\/p>[\/et_pb_text][et_pb_text _builder_version=&#8221;4.22.1&#8243; _module_preset=&#8221;7262e956-c376-4aa6-9642-c413f71527d0&#8243; text_text_color=&#8221;#000000&#8243; text_line_height=&#8221;1.8em&#8221; link_text_color=&#8221;#666666&#8243; custom_margin=&#8221;||1px||false|false&#8221; header_font_size_tablet=&#8221;55px&#8221; header_font_size_last_edited=&#8221;off|desktop&#8221; locked=&#8221;off&#8221; global_colors_info=&#8221;{}&#8221;]<p>Rijnzathe 8, 3454 PV De Meern<\/p>[\/et_pb_text][et_pb_text _builder_version=&#8221;4.22.1&#8243; _module_preset=&#8221;7262e956-c376-4aa6-9642-c413f71527d0&#8243; text_text_color=&#8221;#000000&#8243; text_line_height=&#8221;1.8em&#8221; link_text_color=&#8221;#666666&#8243; custom_margin=&#8221;||0px||false|false&#8221; header_font_size_tablet=&#8221;55px&#8221; header_font_size_last_edited=&#8221;off|desktop&#8221; locked=&#8221;off&#8221; global_colors_info=&#8221;{}&#8221;]<p><strong>Belgium<\/strong><\/p>[\/et_pb_text][et_pb_text _builder_version=&#8221;4.22.1&#8243; _module_preset=&#8221;7262e956-c376-4aa6-9642-c413f71527d0&#8243; text_text_color=&#8221;#000000&#8243; text_line_height=&#8221;1.8em&#8221; link_text_color=&#8221;#666666&#8243; custom_margin=&#8221;||||false|false&#8221; header_font_size_tablet=&#8221;55px&#8221; header_font_size_last_edited=&#8221;off|desktop&#8221; locked=&#8221;off&#8221; global_colors_info=&#8221;{}&#8221;]<p>Onderrichtsstraat 48, 1000 Brussel<\/p>[\/et_pb_text][et_pb_text _builder_version=&#8221;4.22.1&#8243; _module_preset=&#8221;7262e956-c376-4aa6-9642-c413f71527d0&#8243; text_text_color=&#8221;#000000&#8243; text_line_height=&#8221;1.8em&#8221; link_text_color=&#8221;#666666&#8243; custom_margin=&#8221;-31px||||false|false&#8221; header_font_size_tablet=&#8221;55px&#8221; header_font_size_last_edited=&#8221;off|desktop&#8221; locked=&#8221;off&#8221; global_colors_info=&#8221;{}&#8221;]<p>Tel. + 31 30 41 00 301<\/p>[\/et_pb_text][\/et_pb_column][et_pb_column type=&#8221;1_3&#8243; _builder_version=&#8221;4.16&#8243; _module_preset=&#8221;default&#8221; global_colors_info=&#8221;{}&#8221;][et_pb_text _builder_version=&#8221;4.22.1&#8243; _module_preset=&#8221;5c989a74-8649-4b9a-a4a2-6d2b8ae2551c&#8221; header_4_font=&#8221;|700||on|||||&#8221; header_4_text_color=&#8221;#000b77&#8243; header_4_font_size=&#8221;14px&#8221; header_4_letter_spacing=&#8221;0.2em&#8221; header_4_line_height=&#8221;1.5em&#8221; custom_margin=&#8221;||0px|2px|false|false&#8221; locked=&#8221;off&#8221; global_colors_info=&#8221;{}&#8221;]<h4>Follow Us<\/h4>[\/et_pb_text][et_pb_social_media_follow icon_color=&#8221;#FFFFFF&#8221; _builder_version=&#8221;4.22.1&#8243; _module_preset=&#8221;default&#8221; custom_margin=&#8221;|||2px|false|false&#8221; custom_padding=&#8221;||||false|false&#8221; global_colors_info=&#8221;{}&#8221;][et_pb_social_media_follow_network social_network=&#8221;linkedin&#8221; url=&#8221;https:\/\/www.linkedin.com\/groups\/5175863\/%20&#8243; _builder_version=&#8221;4.22.1&#8243; _module_preset=&#8221;default&#8221; background_color=&#8221;#007bb6&#8243; global_colors_info=&#8221;{}&#8221; follow_button=&#8221;off&#8221; url_new_window=&#8221;on&#8221;]linkedin[\/et_pb_social_media_follow_network][\/et_pb_social_media_follow][\/et_pb_column][\/et_pb_row][\/et_pb_section]\n","protected":false},"excerpt":{"rendered":"<p>Douwe van der MeerOver DouweDouwe van der Meer is een onderzoeker gericht op geopolitiek en veiligheid in Oost Europa, de Kaukasus en Centraal Azi\u00eb. Hij schreef hierover voor verschillende publicaties. Douwe heeft een master in Internationale Betrekkingen van de Universiteit Leiden en liep eerder stage bij Instituut Clingendael en het Istanbul Policy Center. Ook was [&hellip;]<\/p>\n","protected":false},"author":6,"featured_media":0,"parent":0,"menu_order":0,"comment_status":"closed","ping_status":"closed","template":"","meta":{"_et_pb_use_builder":"on","_et_pb_old_content":"","_et_gb_content_width":"","om_disable_all_campaigns":false,"_monsterinsights_skip_tracking":false,"_monsterinsights_sitenote_active":false,"_monsterinsights_sitenote_note":"","_monsterinsights_sitenote_category":0,"_uf_show_specific_survey":0,"_uf_disable_surveys":false,"footnotes":""},"class_list":["post-2144","page","type-page","status-publish","hentry"],"aioseo_notices":[],"_links":{"self":[{"href":"https:\/\/ksi.institute\/en\/wp-json\/wp\/v2\/pages\/2144","targetHints":{"allow":["GET"]}}],"collection":[{"href":"https:\/\/ksi.institute\/en\/wp-json\/wp\/v2\/pages"}],"about":[{"href":"https:\/\/ksi.institute\/en\/wp-json\/wp\/v2\/types\/page"}],"author":[{"embeddable":true,"href":"https:\/\/ksi.institute\/en\/wp-json\/wp\/v2\/users\/6"}],"replies":[{"embeddable":true,"href":"https:\/\/ksi.institute\/en\/wp-json\/wp\/v2\/comments?post=2144"}],"version-history":[{"count":6,"href":"https:\/\/ksi.institute\/en\/wp-json\/wp\/v2\/pages\/2144\/revisions"}],"predecessor-version":[{"id":2236,"href":"https:\/\/ksi.institute\/en\/wp-json\/wp\/v2\/pages\/2144\/revisions\/2236"}],"wp:attachment":[{"href":"https:\/\/ksi.institute\/en\/wp-json\/wp\/v2\/media?parent=2144"}],"curies":[{"name":"wp","href":"https:\/\/api.w.org\/{rel}","templated":true}]}}